{"id":162,"date":"2024-09-27T14:12:17","date_gmt":"2024-09-27T12:12:17","guid":{"rendered":"https:\/\/moulindusoleil.com\/?page_id=162"},"modified":"2024-10-18T12:11:33","modified_gmt":"2024-10-18T10:11:33","slug":"latelier-blanchisserie","status":"publish","type":"page","link":"https:\/\/moulindusoleil.com\/index.php\/latelier-blanchisserie\/","title":{"rendered":"L&rsquo;atelier Blanchisserie"},"content":{"rendered":"\n<div class=\"wp-block-group alignfull has-global-padding is-layout-constrained wp-container-core-group-is-layout-57893dc4 wp-block-group-is-layout-constrained\" style=\"margin-top:0;margin-bottom:0;padding-top:var(--wp--preset--spacing--10);padding-right:var(--wp--preset--spacing--10);padding-bottom:var(--wp--preset--spacing--10);padding-left:var(--wp--preset--spacing--10)\">\n<div class=\"wp-block-columns alignwide is-layout-flex wp-container-core-columns-is-layout-ff4b9c61 wp-block-columns-is-layout-flex\" style=\"margin-top:0;margin-bottom:0\">\n<div class=\"wp-block-column is-layout-flow wp-container-core-column-is-layout-8a368f38 wp-block-column-is-layout-flow\">\n<figure class=\"wp-block-image alignright size-large is-resized is-style-rounded is-style-rounded--1\"><img loading=\"lazy\" decoding=\"async\" width=\"1024\" height=\"1024\" src=\"https:\/\/moulindusoleil.com\/wp-content\/uploads\/2024\/10\/20240925_111738_edited-1024x1024.jpg\" alt=\"\" class=\"wp-image-343\" style=\"aspect-ratio:1.3333333333333333;object-fit:cover;width:391px;height:auto\" srcset=\"https:\/\/moulindusoleil.com\/wp-content\/uploads\/2024\/10\/20240925_111738_edited-1024x1024.jpg 1024w, https:\/\/moulindusoleil.com\/wp-content\/uploads\/2024\/10\/20240925_111738_edited-300x300.jpg 300w, https:\/\/moulindusoleil.com\/wp-content\/uploads\/2024\/10\/20240925_111738_edited-150x150.jpg 150w, https:\/\/moulindusoleil.com\/wp-content\/uploads\/2024\/10\/20240925_111738_edited-768x768.jpg 768w, https:\/\/moulindusoleil.com\/wp-content\/uploads\/2024\/10\/20240925_111738_edited-1536x1536.jpg 1536w, https:\/\/moulindusoleil.com\/wp-content\/uploads\/2024\/10\/20240925_111738_edited.jpg 2000w\" sizes=\"auto, (max-width: 1024px) 100vw, 1024px\" \/><\/figure>\n\n\n\n<div style=\"height:34px\" aria-hidden=\"true\" class=\"wp-block-spacer\"><\/div>\n\n\n\n<figure class=\"wp-block-image alignright size-large is-resized is-style-rounded is-style-rounded--2\"><img loading=\"lazy\" decoding=\"async\" width=\"685\" height=\"1024\" src=\"https:\/\/moulindusoleil.com\/wp-content\/uploads\/2024\/09\/DSC_0056-685x1024.jpg\" alt=\"\" class=\"wp-image-237\" style=\"aspect-ratio:0.75;object-fit:cover;width:283px;height:auto\" srcset=\"https:\/\/moulindusoleil.com\/wp-content\/uploads\/2024\/09\/DSC_0056-685x1024.jpg 685w, https:\/\/moulindusoleil.com\/wp-content\/uploads\/2024\/09\/DSC_0056-201x300.jpg 201w, https:\/\/moulindusoleil.com\/wp-content\/uploads\/2024\/09\/DSC_0056-768x1147.jpg 768w, https:\/\/moulindusoleil.com\/wp-content\/uploads\/2024\/09\/DSC_0056-1028x1536.jpg 1028w, https:\/\/moulindusoleil.com\/wp-content\/uploads\/2024\/09\/DSC_0056-1371x2048.jpg 1371w, https:\/\/moulindusoleil.com\/wp-content\/uploads\/2024\/09\/DSC_0056-scaled.jpg 1714w\" sizes=\"auto, (max-width: 685px) 100vw, 685px\" \/><\/figure>\n<\/div>\n\n\n\n<div class=\"wp-block-column is-layout-flow wp-container-core-column-is-layout-8e5544db wp-block-column-is-layout-flow\" style=\"padding-top:0;padding-right:0;padding-bottom:0;padding-left:0\">\n<figure class=\"wp-block-image alignleft size-large is-resized is-style-rounded is-style-rounded--3\"><img loading=\"lazy\" decoding=\"async\" width=\"685\" height=\"1024\" src=\"https:\/\/moulindusoleil.com\/wp-content\/uploads\/2024\/09\/DSC_0057-685x1024.jpg\" alt=\"\" class=\"wp-image-238\" style=\"aspect-ratio:0.75;object-fit:cover;width:244px;height:auto\" srcset=\"https:\/\/moulindusoleil.com\/wp-content\/uploads\/2024\/09\/DSC_0057-685x1024.jpg 685w, https:\/\/moulindusoleil.com\/wp-content\/uploads\/2024\/09\/DSC_0057-201x300.jpg 201w, https:\/\/moulindusoleil.com\/wp-content\/uploads\/2024\/09\/DSC_0057-768x1147.jpg 768w, https:\/\/moulindusoleil.com\/wp-content\/uploads\/2024\/09\/DSC_0057-1028x1536.jpg 1028w, https:\/\/moulindusoleil.com\/wp-content\/uploads\/2024\/09\/DSC_0057-1371x2048.jpg 1371w, https:\/\/moulindusoleil.com\/wp-content\/uploads\/2024\/09\/DSC_0057-scaled.jpg 1714w\" sizes=\"auto, (max-width: 685px) 100vw, 685px\" \/><\/figure>\n\n\n\n<div style=\"height:18px\" aria-hidden=\"true\" class=\"wp-block-spacer\"><\/div>\n\n\n\n<figure class=\"wp-block-image size-large is-resized is-style-rounded is-style-rounded--4\"><img loading=\"lazy\" decoding=\"async\" width=\"685\" height=\"1024\" src=\"https:\/\/moulindusoleil.com\/wp-content\/uploads\/2024\/09\/DSC_0064-685x1024.jpg\" alt=\"\" class=\"wp-image-246\" style=\"aspect-ratio:1;object-fit:cover;width:358px;height:auto\" srcset=\"https:\/\/moulindusoleil.com\/wp-content\/uploads\/2024\/09\/DSC_0064-685x1024.jpg 685w, https:\/\/moulindusoleil.com\/wp-content\/uploads\/2024\/09\/DSC_0064-201x300.jpg 201w, https:\/\/moulindusoleil.com\/wp-content\/uploads\/2024\/09\/DSC_0064-768x1147.jpg 768w, https:\/\/moulindusoleil.com\/wp-content\/uploads\/2024\/09\/DSC_0064-1028x1536.jpg 1028w, https:\/\/moulindusoleil.com\/wp-content\/uploads\/2024\/09\/DSC_0064-1371x2048.jpg 1371w, https:\/\/moulindusoleil.com\/wp-content\/uploads\/2024\/09\/DSC_0064-scaled.jpg 1714w\" sizes=\"auto, (max-width: 685px) 100vw, 685px\" \/><\/figure>\n<\/div>\n<\/div>\n<\/div>\n\n\n\n<div class=\"wp-block-group alignfull has-base-2-background-color has-background has-global-padding is-layout-constrained wp-container-core-group-is-layout-2a1526ca wp-block-group-is-layout-constrained\" style=\"margin-top:0;margin-bottom:0;padding-top:var(--wp--preset--spacing--10);padding-right:var(--wp--preset--spacing--10);padding-bottom:var(--wp--preset--spacing--10);padding-left:var(--wp--preset--spacing--10)\">\n<h2 class=\"wp-block-heading has-text-align-center is-style-asterisk has-body-font-family\">Au service des entreprises comme des particuliers<\/h2>\n\n\n\n<div class=\"wp-block-group is-vertical is-content-justification-center is-layout-flex wp-container-core-group-is-layout-52b864f0 wp-block-group-is-layout-flex\">\n<div style=\"height:0px\" aria-hidden=\"true\" class=\"wp-block-spacer wp-container-content-4f2ccadb\"><\/div>\n\n\n\n<p class=\"has-text-align-center\">Que ce soient les tenues professionnelles de vos salari\u00e9s, les \u00e9quipements textiles de votre entreprise, les rideaux de votre salon ou la couette du petit dernier, nous mettons en \u0153uvre tout notre savoir faire et notre comp\u00e9tence \u00e0 votre service &#8230;<\/p>\n<\/div>\n\n\n\n<div style=\"margin-top:0;margin-bottom:0;height:12px\" aria-hidden=\"true\" class=\"wp-block-spacer\"><\/div>\n\n\n\n<div class=\"wp-block-columns alignwide is-layout-flex wp-container-core-columns-is-layout-d0bbbce0 wp-block-columns-is-layout-flex\">\n<div class=\"wp-block-column is-layout-flow wp-container-core-column-is-layout-e3d1c41b wp-block-column-is-layout-flow\">\n<h3 class=\"wp-block-heading has-text-align-left is-style-asterisk has-body-font-family has-medium-font-size\" style=\"font-style:normal;font-weight:600\">L&rsquo;innovation dans le blanchissage<\/h3>\n\n\n\n<p class=\"has-text-align-left\">Depuis 2023, la Blanchisserie du Moulin du Soleil utilise un syst\u00e8me de lavage \u00e0 l&rsquo;eau ozon\u00e9e froide, vertueuse pour l&rsquo;impact environnemental et \u00e9nerg\u00e9tique, avec une qualit\u00e9 de lavage accrue.<\/p>\n<\/div>\n\n\n\n<div class=\"wp-block-column is-layout-flow wp-container-core-column-is-layout-e3d1c41b wp-block-column-is-layout-flow\">\n<h3 class=\"wp-block-heading has-text-align-left is-style-asterisk has-body-font-family has-medium-font-size\" style=\"font-style:normal;font-weight:600\">Votre repassage, c&rsquo;est nous qui le faisons !<\/h3>\n\n\n\n<p class=\"has-text-align-left\">Vos chemises, vos draps, vos rideaux &#8230; Nous les repassons, m\u00eame si c&rsquo;est vous qui les lavez !<\/p>\n<\/div>\n\n\n\n<div class=\"wp-block-column is-layout-flow wp-container-core-column-is-layout-e3d1c41b wp-block-column-is-layout-flow\">\n<h3 class=\"wp-block-heading has-text-align-left is-style-asterisk has-body-font-family has-medium-font-size\" style=\"font-style:normal;font-weight:600\">Linge de lit, nous avons la solution !<\/h3>\n\n\n\n<p class=\"has-text-align-left\">L&rsquo;atelier Blanchisserie est \u00e9quip\u00e9 d&rsquo;une calandreuse, qui permet en une seule op\u00e9ration de s\u00e9cher et repasser le linge plat (draps, serviettes, etc &#8230;)<\/p>\n\n\n\n<p>Ne dormez plus dans des draps froiss\u00e9s !<\/p>\n<\/div>\n<\/div>\n\n\n\n<div class=\"wp-block-columns alignwide is-layout-flex wp-container-core-columns-is-layout-d0bbbce0 wp-block-columns-is-layout-flex\">\n<div class=\"wp-block-column is-layout-flow wp-container-core-column-is-layout-e3d1c41b wp-block-column-is-layout-flow\">\n<h3 class=\"wp-block-heading has-text-align-left is-style-asterisk has-body-font-family has-medium-font-size\" style=\"font-style:normal;font-weight:600\">On s&rsquo;occupe de tout !<\/h3>\n\n\n\n<p class=\"has-text-align-left\">Entreprise, collectivit\u00e9, nous r\u00e9cup\u00e9rons votre linge professionnel et vous le livrons sur site, conditionn\u00e9 selon vos exigences &#8230;<\/p>\n<\/div>\n\n\n\n<div class=\"wp-block-column is-layout-flow wp-container-core-column-is-layout-e3d1c41b wp-block-column-is-layout-flow\">\n<h3 class=\"wp-block-heading has-text-align-left is-style-asterisk has-body-font-family has-medium-font-size\" style=\"font-style:normal;font-weight:600\">Marquage<\/h3>\n\n\n\n<p class=\"has-text-align-left\">Vous souhaitez marquer du linge, personnaliser des tenues de travail ou d&rsquo;autres pi\u00e8ces textiles avec le logo de votre entreprise ou l&rsquo;\u00e9cusson de votre club sportif ? Contactez nous ! <\/p>\n<\/div>\n\n\n\n<div class=\"wp-block-column is-layout-flow wp-container-core-column-is-layout-e3d1c41b wp-block-column-is-layout-flow\">\n<h3 class=\"wp-block-heading has-text-align-left is-style-asterisk has-body-font-family has-medium-font-size\" style=\"font-style:normal;font-weight:600\">Gestion du linge<\/h3>\n\n\n\n<p class=\"has-text-align-left\">Suivi, commande et gestion du stock de linge de votre entreprise, par porteur et par cycles de lavage, fait partie de notre savoir-faire. <br>Nous \u00e9tudions avec vous ce qui s&rsquo;adapte le mieux au fonctionnement de votre \u00e9tablissement.<\/p>\n<\/div>\n<\/div>\n<\/div>\n\n\n\n<p><\/p>\n","protected":false},"excerpt":{"rendered":"<p>Au service des entreprises comme des particuliers Que ce soient les tenues professionnelles de vos salari\u00e9s, les \u00e9quipements textiles de votre entreprise, les rideaux de votre salon ou la couette du petit dernier, nous mettons en \u0153uvre tout notre savoir faire et notre comp\u00e9tence \u00e0 votre service &#8230; L&rsquo;innovation dans le blanchissage Depuis 2023, la [&hellip;]<\/p>\n","protected":false},"author":2,"featured_media":0,"parent":0,"menu_order":0,"comment_status":"closed","ping_status":"closed","template":"","meta":{"footnotes":""},"class_list":["post-162","page","type-page","status-publish","hentry"],"yoast_head":"<!-- This site is optimized with the Yoast SEO plugin v23.9 - https:\/\/yoast.com\/wordpress\/plugins\/seo\/ -->\n<title>ESAT Moulin du Soleil - Blanchisserie<\/title>\n<meta name=\"robots\" content=\"index, follow, max-snippet:-1, max-image-preview:large, max-video-preview:-1\" \/>\n<link rel=\"canonical\" href=\"https:\/\/moulindusoleil.com\/index.php\/latelier-blanchisserie\/\" \/>\n<meta property=\"og:locale\" content=\"fr_FR\" \/>\n<meta property=\"og:type\" content=\"article\" \/>\n<meta property=\"og:title\" content=\"ESAT Moulin du Soleil - Blanchisserie\" \/>\n<meta property=\"og:description\" content=\"Au service des entreprises comme des particuliers Que ce soient les tenues professionnelles de vos salari\u00e9s, les \u00e9quipements textiles de votre entreprise, les rideaux de votre salon ou la couette du petit dernier, nous mettons en \u0153uvre tout notre savoir faire et notre comp\u00e9tence \u00e0 votre service &#8230; L&rsquo;innovation dans le blanchissage Depuis 2023, la [&hellip;]\" \/>\n<meta property=\"og:url\" content=\"https:\/\/moulindusoleil.com\/index.php\/latelier-blanchisserie\/\" \/>\n<meta property=\"og:site_name\" content=\"Le Moulin du Soleil\" \/>\n<meta property=\"article:publisher\" content=\"https:\/\/www.facebook.com\/esatmoulindusoleil\/\" \/>\n<meta property=\"article:modified_time\" content=\"2024-10-18T10:11:33+00:00\" \/>\n<meta property=\"og:image\" content=\"https:\/\/moulindusoleil.com\/wp-content\/uploads\/2024\/10\/20240925_111738_edited-1024x1024.jpg\" \/>\n\t<meta property=\"og:image:width\" content=\"1024\" \/>\n\t<meta property=\"og:image:height\" content=\"1024\" \/>\n\t<meta property=\"og:image:type\" content=\"image\/jpeg\" \/>\n<meta name=\"twitter:card\" content=\"summary_large_image\" \/>\n<meta name=\"twitter:label1\" content=\"Dur\u00e9e de lecture estim\u00e9e\" \/>\n\t<meta name=\"twitter:data1\" content=\"2 minutes\" \/>\n<script type=\"application\/ld+json\" class=\"yoast-schema-graph\">{\"@context\":\"https:\/\/schema.org\",\"@graph\":[{\"@type\":\"WebPage\",\"@id\":\"https:\/\/moulindusoleil.com\/index.php\/latelier-blanchisserie\/\",\"url\":\"https:\/\/moulindusoleil.com\/index.php\/latelier-blanchisserie\/\",\"name\":\"ESAT Moulin du Soleil - Blanchisserie\",\"isPartOf\":{\"@id\":\"https:\/\/moulindusoleil.com\/#website\"},\"primaryImageOfPage\":{\"@id\":\"https:\/\/moulindusoleil.com\/index.php\/latelier-blanchisserie\/#primaryimage\"},\"image\":{\"@id\":\"https:\/\/moulindusoleil.com\/index.php\/latelier-blanchisserie\/#primaryimage\"},\"thumbnailUrl\":\"https:\/\/moulindusoleil.com\/wp-content\/uploads\/2024\/10\/20240925_111738_edited-1024x1024.jpg\",\"datePublished\":\"2024-09-27T12:12:17+00:00\",\"dateModified\":\"2024-10-18T10:11:33+00:00\",\"breadcrumb\":{\"@id\":\"https:\/\/moulindusoleil.com\/index.php\/latelier-blanchisserie\/#breadcrumb\"},\"inLanguage\":\"fr-FR\",\"potentialAction\":[{\"@type\":\"ReadAction\",\"target\":[\"https:\/\/moulindusoleil.com\/index.php\/latelier-blanchisserie\/\"]}]},{\"@type\":\"ImageObject\",\"inLanguage\":\"fr-FR\",\"@id\":\"https:\/\/moulindusoleil.com\/index.php\/latelier-blanchisserie\/#primaryimage\",\"url\":\"https:\/\/moulindusoleil.com\/wp-content\/uploads\/2024\/10\/20240925_111738_edited.jpg\",\"contentUrl\":\"https:\/\/moulindusoleil.com\/wp-content\/uploads\/2024\/10\/20240925_111738_edited.jpg\",\"width\":2000,\"height\":2000},{\"@type\":\"BreadcrumbList\",\"@id\":\"https:\/\/moulindusoleil.com\/index.php\/latelier-blanchisserie\/#breadcrumb\",\"itemListElement\":[{\"@type\":\"ListItem\",\"position\":1,\"name\":\"Accueil\",\"item\":\"https:\/\/moulindusoleil.com\/\"},{\"@type\":\"ListItem\",\"position\":2,\"name\":\"L&rsquo;atelier Blanchisserie\"}]},{\"@type\":\"WebSite\",\"@id\":\"https:\/\/moulindusoleil.com\/#website\",\"url\":\"https:\/\/moulindusoleil.com\/\",\"name\":\"Le Moulin du Soleil\",\"description\":\"ESAT et Foyer d&#039;H\u00e9bergement\",\"publisher\":{\"@id\":\"https:\/\/moulindusoleil.com\/#organization\"},\"alternateName\":\"ESAT Foyer Moulin du Soleil\",\"potentialAction\":[{\"@type\":\"SearchAction\",\"target\":{\"@type\":\"EntryPoint\",\"urlTemplate\":\"https:\/\/moulindusoleil.com\/?s={search_term_string}\"},\"query-input\":{\"@type\":\"PropertyValueSpecification\",\"valueRequired\":true,\"valueName\":\"search_term_string\"}}],\"inLanguage\":\"fr-FR\"},{\"@type\":\"Organization\",\"@id\":\"https:\/\/moulindusoleil.com\/#organization\",\"name\":\"Le Moulin du Soleil\",\"alternateName\":\"ESAT Foyer Moulin du soleil\",\"url\":\"https:\/\/moulindusoleil.com\/\",\"logo\":{\"@type\":\"ImageObject\",\"inLanguage\":\"fr-FR\",\"@id\":\"https:\/\/moulindusoleil.com\/#\/schema\/logo\/image\/\",\"url\":\"https:\/\/moulindusoleil.com\/wp-content\/uploads\/2024\/08\/Logo-ESAT-beta.png\",\"contentUrl\":\"https:\/\/moulindusoleil.com\/wp-content\/uploads\/2024\/08\/Logo-ESAT-beta.png\",\"width\":1024,\"height\":446,\"caption\":\"Le Moulin du Soleil\"},\"image\":{\"@id\":\"https:\/\/moulindusoleil.com\/#\/schema\/logo\/image\/\"},\"sameAs\":[\"https:\/\/www.facebook.com\/esatmoulindusoleil\/\"]}]}<\/script>\n<!-- \/ Yoast SEO plugin. -->","yoast_head_json":{"title":"ESAT Moulin du Soleil - Blanchisserie","robots":{"index":"index","follow":"follow","max-snippet":"max-snippet:-1","max-image-preview":"max-image-preview:large","max-video-preview":"max-video-preview:-1"},"canonical":"https:\/\/moulindusoleil.com\/index.php\/latelier-blanchisserie\/","og_locale":"fr_FR","og_type":"article","og_title":"ESAT Moulin du Soleil - Blanchisserie","og_description":"Au service des entreprises comme des particuliers Que ce soient les tenues professionnelles de vos salari\u00e9s, les \u00e9quipements textiles de votre entreprise, les rideaux de votre salon ou la couette du petit dernier, nous mettons en \u0153uvre tout notre savoir faire et notre comp\u00e9tence \u00e0 votre service &#8230; L&rsquo;innovation dans le blanchissage Depuis 2023, la [&hellip;]","og_url":"https:\/\/moulindusoleil.com\/index.php\/latelier-blanchisserie\/","og_site_name":"Le Moulin du Soleil","article_publisher":"https:\/\/www.facebook.com\/esatmoulindusoleil\/","article_modified_time":"2024-10-18T10:11:33+00:00","og_image":[{"width":1024,"height":1024,"url":"https:\/\/moulindusoleil.com\/wp-content\/uploads\/2024\/10\/20240925_111738_edited-1024x1024.jpg","type":"image\/jpeg"}],"twitter_card":"summary_large_image","twitter_misc":{"Dur\u00e9e de lecture estim\u00e9e":"2 minutes"},"schema":{"@context":"https:\/\/schema.org","@graph":[{"@type":"WebPage","@id":"https:\/\/moulindusoleil.com\/index.php\/latelier-blanchisserie\/","url":"https:\/\/moulindusoleil.com\/index.php\/latelier-blanchisserie\/","name":"ESAT Moulin du Soleil - Blanchisserie","isPartOf":{"@id":"https:\/\/moulindusoleil.com\/#website"},"primaryImageOfPage":{"@id":"https:\/\/moulindusoleil.com\/index.php\/latelier-blanchisserie\/#primaryimage"},"image":{"@id":"https:\/\/moulindusoleil.com\/index.php\/latelier-blanchisserie\/#primaryimage"},"thumbnailUrl":"https:\/\/moulindusoleil.com\/wp-content\/uploads\/2024\/10\/20240925_111738_edited-1024x1024.jpg","datePublished":"2024-09-27T12:12:17+00:00","dateModified":"2024-10-18T10:11:33+00:00","breadcrumb":{"@id":"https:\/\/moulindusoleil.com\/index.php\/latelier-blanchisserie\/#breadcrumb"},"inLanguage":"fr-FR","potentialAction":[{"@type":"ReadAction","target":["https:\/\/moulindusoleil.com\/index.php\/latelier-blanchisserie\/"]}]},{"@type":"ImageObject","inLanguage":"fr-FR","@id":"https:\/\/moulindusoleil.com\/index.php\/latelier-blanchisserie\/#primaryimage","url":"https:\/\/moulindusoleil.com\/wp-content\/uploads\/2024\/10\/20240925_111738_edited.jpg","contentUrl":"https:\/\/moulindusoleil.com\/wp-content\/uploads\/2024\/10\/20240925_111738_edited.jpg","width":2000,"height":2000},{"@type":"BreadcrumbList","@id":"https:\/\/moulindusoleil.com\/index.php\/latelier-blanchisserie\/#breadcrumb","itemListElement":[{"@type":"ListItem","position":1,"name":"Accueil","item":"https:\/\/moulindusoleil.com\/"},{"@type":"ListItem","position":2,"name":"L&rsquo;atelier Blanchisserie"}]},{"@type":"WebSite","@id":"https:\/\/moulindusoleil.com\/#website","url":"https:\/\/moulindusoleil.com\/","name":"Le Moulin du Soleil","description":"ESAT et Foyer d&#039;H\u00e9bergement","publisher":{"@id":"https:\/\/moulindusoleil.com\/#organization"},"alternateName":"ESAT Foyer Moulin du Soleil","potentialAction":[{"@type":"SearchAction","target":{"@type":"EntryPoint","urlTemplate":"https:\/\/moulindusoleil.com\/?s={search_term_string}"},"query-input":{"@type":"PropertyValueSpecification","valueRequired":true,"valueName":"search_term_string"}}],"inLanguage":"fr-FR"},{"@type":"Organization","@id":"https:\/\/moulindusoleil.com\/#organization","name":"Le Moulin du Soleil","alternateName":"ESAT Foyer Moulin du soleil","url":"https:\/\/moulindusoleil.com\/","logo":{"@type":"ImageObject","inLanguage":"fr-FR","@id":"https:\/\/moulindusoleil.com\/#\/schema\/logo\/image\/","url":"https:\/\/moulindusoleil.com\/wp-content\/uploads\/2024\/08\/Logo-ESAT-beta.png","contentUrl":"https:\/\/moulindusoleil.com\/wp-content\/uploads\/2024\/08\/Logo-ESAT-beta.png","width":1024,"height":446,"caption":"Le Moulin du Soleil"},"image":{"@id":"https:\/\/moulindusoleil.com\/#\/schema\/logo\/image\/"},"sameAs":["https:\/\/www.facebook.com\/esatmoulindusoleil\/"]}]}},"_links":{"self":[{"href":"https:\/\/moulindusoleil.com\/index.php\/wp-json\/wp\/v2\/pages\/162","targetHints":{"allow":["GET"]}}],"collection":[{"href":"https:\/\/moulindusoleil.com\/index.php\/wp-json\/wp\/v2\/pages"}],"about":[{"href":"https:\/\/moulindusoleil.com\/index.php\/wp-json\/wp\/v2\/types\/page"}],"author":[{"embeddable":true,"href":"https:\/\/moulindusoleil.com\/index.php\/wp-json\/wp\/v2\/users\/2"}],"replies":[{"embeddable":true,"href":"https:\/\/moulindusoleil.com\/index.php\/wp-json\/wp\/v2\/comments?post=162"}],"version-history":[{"count":7,"href":"https:\/\/moulindusoleil.com\/index.php\/wp-json\/wp\/v2\/pages\/162\/revisions"}],"predecessor-version":[{"id":362,"href":"https:\/\/moulindusoleil.com\/index.php\/wp-json\/wp\/v2\/pages\/162\/revisions\/362"}],"wp:attachment":[{"href":"https:\/\/moulindusoleil.com\/index.php\/wp-json\/wp\/v2\/media?parent=162"}],"curies":[{"name":"wp","href":"https:\/\/api.w.org\/{rel}","templated":true}]}}